	{"id":1049,"date":"2019-06-16T18:30:42","date_gmt":"2019-06-16T17:30:42","guid":{"rendered":"https:\/\/www.roller-rop.fr\/?page_id=1049"},"modified":"2023-07-25T22:20:53","modified_gmt":"2023-07-25T21:20:53","slug":"tarifs-et-cours","status":"publish","type":"page","link":"https:\/\/www.roller-rop.fr\/?page_id=1049","title":{"rendered":"Tarifs et Cours"},"content":{"rendered":"<p>L&rsquo;inscription au club comprend : la cotisation club + la licence FFRS + les cotisations Ligue et D\u00e9partement.<\/p>\n<h3><strong>Les Tarifs : <\/strong>(<span style=\"color: #ff00ff;\">saison 2023-2024<\/span>)<strong><br \/>\n<\/strong><\/h3>\n<p>.\u00a0 \u00a0 \u00a0 \u00a0 \u00a0 \u00a0 \u00a0 \u00a0 \u00a0 \u00a0 \u00a0 \u00a0 \u00a0 \u00a0 \u00a0 \u00a0 \u00a0 \u00a0 \u00a0 \u00a0 \u00a0 \u00a0 \u00a0 \u00a0 \u00a0 \u00a0 \u00a0 \u00a0 \u00a0 \u00a0 \u00a0 \u00a0 \u00a0 \u00a0 \u00a0 \u00a0 \u00a0 \u00a0 \u00a0 \u00a0 \u00a0 \u00a0 \u00a0 normal\u00a0 \u00a0 \u00a0<span style=\"color: #ff6600;\">QF 1 &amp; 2\u00a0 \u00a0 \u00a0<span style=\"color: #0000ff;\">QF 3 &amp; 4<\/span><\/span><br \/>\nAnn\u00e9e 2018 &#8211; 2012\u00a0 \u00a0 \u00a0 \u00a0 \u00a0 (Toutes sections)\u00a0 \u00a0 \u00a0 \u00a0 \u00a0 \u00a0 \u00a0 \u00a0 \u00a0100 \u20ac \u00a0\u00a0\u00a0\u00a0\u00a0\u00a0\u00a0\u00a0\u00a0\u00a0\u00a0\u00a0 <span style=\"color: #ff6600;\">50 \u20ac\u00a0\u00a0\u00a0\u00a0\u00a0\u00a0\u00a0\u00a0\u00a0\u00a0\u00a0 <span style=\"color: #0000ff;\">75 \u20ac<\/span><\/span><br \/>\nAnn\u00e9e 2011 et Avant\u00a0 \u00a0 \u00a0 (Randonn\u00e9e et Course)\u00a0 \u00a0 \u00a0 \u00a0 \u00a0120 \u20ac\u00a0\u00a0\u00a0\u00a0\u00a0\u00a0\u00a0\u00a0\u00a0 \u00a0\u00a0\u00a0 <span style=\"color: #ff6600;\">60 \u20ac\u00a0\u00a0\u00a0\u00a0\u00a0\u00a0\u00a0\u00a0\u00a0\u00a0\u00a0 <span style=\"color: #0000ff;\">90 \u20ac<\/span><\/span><br \/>\nAnn\u00e9e 2011 &#8211; 2006\u00a0 \u00a0 \u00a0 \u00a0 \u00a0 (Roller Hockey)\u00a0 \u00a0 \u00a0 \u00a0 \u00a0 \u00a0 \u00a0 \u00a0 \u00a0 120 \u20ac\u00a0\u00a0\u00a0\u00a0\u00a0\u00a0\u00a0\u00a0\u00a0\u00a0 \u00a0\u00a0 <span style=\"color: #ff6600;\">60 \u20ac\u00a0\u00a0\u00a0\u00a0\u00a0\u00a0\u00a0\u00a0\u00a0\u00a0\u00a0 <span style=\"color: #0000ff;\">90 \u20ac<\/span><\/span><br \/>\nAnn\u00e9e 2006 et Avant\u00a0 \u00a0 \u00a0 (Roller Hockey)\u00a0 \u00a0 \u00a0 \u00a0 \u00a0 \u00a0 \u00a0 \u00a0 \u00a0 \u00a0130 \u20ac\u00a0\u00a0\u00a0\u00a0\u00a0\u00a0\u00a0\u00a0\u00a0\u00a0\u00a0\u00a0\u00a0 <span style=\"color: #ff6600;\">98 \u20ac\u00a0\u00a0\u00a0\u00a0\u00a0\u00a0\u00a0\u00a0\u00a0\u00a0\u00a0 <span style=\"color: #0000ff;\">87 \u20ac<\/span><\/span><br \/>\nDirigeant\u00a0 \u00a0 \u00a0 \u00a0 \u00a0 \u00a0 \u00a0 \u00a0 \u00a0 \u00a0 \u00a0 \u00a0 \u00a0 \u00a0 \u00a0 \u00a0 \u00a0 \u00a0 \u00a0 \u00a0 \u00a0 \u00a0 \u00a0 \u00a0 \u00a0 \u00a0 \u00a0 \u00a0 \u00a0 \u00a0 \u00a0 \u00a0 \u00a0 \u00a0 \u00a0 \u00a045 \u20ac<\/p>\n<p>NOTA 1 : Les familles ayant un Quotient Familial de cat\u00e9gorie 1 ou 2 b\u00e9n\u00e9ficient (sur pr\u00e9sentation de leur carte) d&rsquo;une r\u00e9duction de cotisation de 50% et de 25% pour les QF 3 ou 4.<\/p>\n<p>NOTA 2 : 2<sup>\u00e8me<\/sup> membre\u00a0 d\u2019une m\u00eame famille = -5\u20ac, 3<sup>\u00e8me<\/sup> et + = -10\u20ac (sauf en cas de r\u00e9duction QF)<\/p>\n<p>NOTA 3 : Les adh\u00e9sions se font via le site Helloasso lien sur l&rsquo;onglet inscription.<\/p>\n<p>Les ch\u00e8ques vacances ANCV sont accept\u00e9s.<\/p>\n<p>. &#8211;<\/p>\n<h3><strong>Les Cours et Entrainements : <\/strong>(<span style=\"color: #ff00ff;\">saison 2023-2024<\/span>)<strong><br \/>\n<\/strong><\/h3>\n<p><em><strong>Cours \u00e9cole de patinage :<\/strong> (<span style=\"color: #993366;\">jeunes de 4 \u00e0 5 ans jusqu&rsquo;\u00e0 13 ans et +, d\u00e9butants ou non<\/span>)<br \/>\n&#8211; Le mercredi de 15h45 \u00e0 17h00 Gymnase \u00ab\u00a0Cit\u00e9s Unies\u00a0\u00bb \u00e0 Rez\u00e9 (<span style=\"color: #008000;\">arr\u00eat TRAM &#8211; Trocardi\u00e8re<\/span>)<\/em><\/p>\n<p><em><strong>Cours\u00a0 de course :<\/strong> (<span style=\"color: #993366;\">courses d\u00e9partementales, r\u00e9gionales, nationales&#8230;<\/span>)<br \/>\n&#8211; Le lundi de 19h30 \u00e0 21h00 Gymnase \u00ab\u00a0Cit\u00e9s Unies\u00a0\u00bb<br \/>\n&#8211; Le mercredi de 17h00 \u00e0 18h15 Gymnase \u00ab\u00a0Cit\u00e9s Unies\u00a0\u00bb<br \/>\n&#8211; Le vendredi de 18h00 \u00e0 19h30\u00a0 Anneau de La Neustrie \u00e0 Bouguenais Les Couets (<span style=\"color: #008000;\">arr\u00eat TRAM &#8211; Neustrie<\/span>)<br \/>\n<\/em><\/p>\n<p><em><strong>Entrainements de Hockey :<\/strong> (<span style=\"color: #993366;\">cours et entrainements pour les matchs ou pas&#8230;<\/span>)<\/em><\/p>\n<p>&#8211; Le lundi de 18h00 \u00e0 19h30 <em>Gymnase \u00ab\u00a0Cit\u00e9s Unies\u00a0\u00bb <span style=\"color: #0000ff;\">U6 \u00e0 U11<br \/>\n<\/span><\/em><\/p>\n<p><em>&#8211; Le lundi de 21h00 \u00e0 23h00 Gymnase \u00ab\u00a0Cit\u00e9s Unies\u00a0\u00bb\u00a0 <span style=\"color: #0000ff;\">S\u00e9niors <\/span><br \/>\n&#8211; Le mercredi de 18h15 \u00e0 19h30 Gymnase \u00ab\u00a0Cit\u00e9s Unies\u00a0\u00bb\u00a0 <span style=\"color: #0000ff;\">U13 \u00e0 U15<br \/>\n<\/span>\u00a0\u00a0\u00a0\u00a0\u00a0\u00a0\u00a0\u00a0\u00a0\u00a0\u00a0\u00a0\u00a0\u00a0 &#8211; Le mercredi de 19h30 \u00e0 21h00 Gymnase \u00ab\u00a0Cit\u00e9s Unies\u00a0\u00bb\u00a0 <span style=\"color: #0000ff;\">U17 \u00e0 U19<br \/>\n<\/span>\u00a0\u00a0\u00a0\u00a0\u00a0\u00a0\u00a0\u00a0\u00a0\u00a0\u00a0\u00a0\u00a0\u00a0 &#8211; Le mercredi de 21h00 \u00e0 23h00 Gymnase \u00ab\u00a0Cit\u00e9s Unies\u00a0\u00bb\u00a0 <span style=\"color: #0000ff;\">S\u00e9niors <\/span><br \/>\n<\/em><\/p>\n<p><em><strong>Cours\u00a0 loisirs randonn\u00e9e :<\/strong> (<span style=\"color: #993366;\">cours adultes et\/ou ados, d\u00e9butants ou pas&#8230;<\/span>)<br \/>\n&#8211; Le mardi de 21h00 \u00e0 22h30 Gymnase \u00ab\u00a0Lyc\u00e9e G\u00e9n\u00e9ral Notre Dame\u00a0\u00bb \u00e0 Rez\u00e9 (<span style=\"color: #008000;\">40, rue Julien Douillard<\/span>) <span style=\"color: #0000ff;\"><a style=\"color: #0000ff;\" href=\"http:\/\/rando.www.roller-rop.fr\/wp-content\/uploads\/sites\/6\/2015\/12\/Salle-Lyc\u00e9e-Notre-Dame.jpg\" target=\"_blank\" rel=\"noopener\">Plan d&rsquo;acc\u00e8s<\/a><\/span><br \/>\n<\/em><\/p>\n<p>Renseignements compl\u00e9mentaires en envoyant un mail avec vos coordonn\u00e9es \u00e0 : <a href=\"mailto:contact@roller-rop.fr\">contact.rop44@gmail.com<\/a><\/p>\n","protected":false},"excerpt":{"rendered":"<p>L&rsquo;inscription au club comprend : la cotisation club + la licence FFRS + les cotisations Ligue et D\u00e9partement. Les Tarifs : (saison 2023-2024) .\u00a0 \u00a0 \u00a0 \u00a0 \u00a0 \u00a0 \u00a0 \u00a0 \u00a0 \u00a0 \u00a0 \u00a0 \u00a0 \u00a0 \u00a0 \u00a0 \u00a0 \u00a0 \u00a0 \u00a0 \u00a0 \u00a0 \u00a0 \u00a0 \u00a0 \u00a0 \u00a0 \u00a0 \u00a0 \u00a0 \u00a0 \u00a0 [&hellip;]<\/p>\n","protected":false},"author":2,"featured_media":0,"parent":0,"menu_order":0,"comment_status":"closed","ping_status":"closed","template":"","meta":[],"_links":{"self":[{"href":"https:\/\/www.roller-rop.fr\/index.php?rest_route=\/wp\/v2\/pages\/1049"}],"collection":[{"href":"https:\/\/www.roller-rop.fr\/index.php?rest_route=\/wp\/v2\/pages"}],"about":[{"href":"https:\/\/www.roller-rop.fr\/index.php?rest_route=\/wp\/v2\/types\/page"}],"author":[{"embeddable":true,"href":"https:\/\/www.roller-rop.fr\/index.php?rest_route=\/wp\/v2\/users\/2"}],"replies":[{"embeddable":true,"href":"https:\/\/www.roller-rop.fr\/index.php?rest_route=%2Fwp%2Fv2%2Fcomments&post=1049"}],"version-history":[{"count":35,"href":"https:\/\/www.roller-rop.fr\/index.php?rest_route=\/wp\/v2\/pages\/1049\/revisions"}],"predecessor-version":[{"id":1665,"href":"https:\/\/www.roller-rop.fr\/index.php?rest_route=\/wp\/v2\/pages\/1049\/revisions\/1665"}],"wp:attachment":[{"href":"https:\/\/www.roller-rop.fr\/index.php?rest_route=%2Fwp%2Fv2%2Fmedia&parent=1049"}],"curies":[{"name":"wp","href":"https:\/\/api.w.org\/{rel}","templated":true}]}}